{"id":102,"date":"2015-09-15T16:26:28","date_gmt":"2015-09-15T14:26:28","guid":{"rendered":"http:\/\/www.mediatirol.at\/kindergarten-natters\/?page_id=102"},"modified":"2025-03-10T16:47:01","modified_gmt":"2025-03-10T15:47:01","slug":"tagesablauf","status":"publish","type":"page","link":"https:\/\/www.kinderbetreuung-natters.at\/kinderkrippe\/basisinfo\/tagesablauf\/","title":{"rendered":"Tagesablauf"},"content":{"rendered":"\n<p>Jeder einzelne Tag im Kinderkrippenalltag sieht anders aus\nund orientiert sich grunds\u00e4tzlich an den Bed\u00fcrfnissen der Kinder.<\/p>\n\n\n\n<p>Der angedachte Tagesablauf sieht wie folgt aus:<\/p>\n\n\n\n<figure class=\"wp-block-table aligncenter is-style-stripes\"><table><tbody><tr><td><strong><span style=\"color:#0693e3\" class=\"tadv-color\">Zeitspanne<\/span><\/strong><\/td><td class=\"has-text-align-left\" data-align=\"left\"><strong><span style=\"color:#0693e3\" class=\"tadv-color\">Aktivit\u00e4t<\/span><\/strong><\/td><\/tr><tr><td>07:00 \u2013 08:30 Uhr                            <\/td><td class=\"has-text-align-left\" data-align=\"left\">Bringzeit   <\/td><\/tr><tr><td>Ab 7:00 Uhr   <\/td><td class=\"has-text-align-left\" data-align=\"left\">Fr\u00f6schegruppe ge\u00f6ffnet (Sammelgruppe)   <\/td><\/tr><tr><td>Ab 08:00 Uhr    <\/td><td class=\"has-text-align-left\" data-align=\"left\">K\u00fckengruppe ge\u00f6ffnet   <\/td><\/tr><tr><td>07:00 \u2013 09:00 Uhr   <\/td><td class=\"has-text-align-left\" data-align=\"left\">Freispiel <em>(in den jeweiligen Gruppen)<\/em>   <\/td><\/tr><tr><td>09:00 Uhr   <\/td><td class=\"has-text-align-left\" data-align=\"left\">Gemeinsames Aufr\u00e4umen (Aufr\u00e4umlied)   <\/td><\/tr><tr><td>09:00 \u2013 09:15 Uhr    <\/td><td class=\"has-text-align-left\" data-align=\"left\">Morgenkreis \/ Impulssetzung \/ Gemeinsames Zusammenkommen <br><em>(in den jeweiligen Gruppen)<\/em>                           <\/td><\/tr><tr><td>09:15 \u2013 09:45 Uhr   <\/td><td class=\"has-text-align-left\" data-align=\"left\">Gemeinschaftsjause  <\/td><\/tr><tr><td>09:45 \u2013 11:00 Uhr      <\/td><td class=\"has-text-align-left\" data-align=\"left\">Freispiel<\/td><\/tr><tr><td>11:00 \u2013 11:30 Uhr   <\/td><td class=\"has-text-align-left\" data-align=\"left\">erste Abholzeit   <\/td><\/tr><tr><td>11:30 \u2013 12:15 Uhr<\/td><td class=\"has-text-align-left\" data-align=\"left\">Mittagessen    &nbsp;   <\/td><\/tr><tr><td>Ab 12:15 Uhr<\/td><td class=\"has-text-align-left\" data-align=\"left\">Mittagsschlaf \/ Ruhezeit      &nbsp;   <br>ruhiges Freispiel            <\/td><\/tr><tr><td>Ab 12:30 Uhr<\/td><td class=\"has-text-align-left\" data-align=\"left\">Abholzeit (bis zum jeweiligen Anmeldungstarif)<\/td><\/tr><tr><td>14:00 \u2013 16:00 Uhr<\/td><td class=\"has-text-align-left\" data-align=\"left\">\u201eKi+Kri\u201c alterserweiterte Nachmittagsbetreuung im Kindergarten<\/td><\/tr><tr><td>Ab 14:00 Uhr<\/td><td class=\"has-text-align-left\" data-align=\"left\">Abholzeit f\u00fcr die Nachmittagsbetreuung<\/td><\/tr><tr><td>15:00 Uhr<\/td><td class=\"has-text-align-left\" data-align=\"left\">Nachmittagsjause<\/td><\/tr><tr><td>Ab 16:00 Uhr<\/td><td class=\"has-text-align-left\" data-align=\"left\">Kinderkrippe ist geschlossen<\/td><\/tr><tr><td><\/td><td class=\"has-text-align-left\" data-align=\"left\"><\/td><\/tr><\/tbody><\/table><\/figure>\n\n\n\n<figure class=\"wp-block-gallery aligncenter has-nested-images columns-4 is-cropped wp-block-gallery-1 is-layout-flex wp-block-gallery-is-layout-flex\">\n<figure class=\"wp-block-image size-large\"><img loading=\"lazy\" decoding=\"async\" width=\"768\" height=\"1024\" data-id=\"1584\" src=\"https:\/\/www.kinderbetreuung-natters.at\/kinderkrippe\/wp-content\/uploads\/2023\/05\/IMG-5483-768x1024.jpg\" alt=\"\" class=\"wp-image-1584\" srcset=\"https:\/\/www.kinderbetreuung-natters.at\/kinderkrippe\/wp-content\/uploads\/2023\/05\/IMG-5483-768x1024.jpg 768w, https:\/\/www.kinderbetreuung-natters.at\/kinderkrippe\/wp-content\/uploads\/2023\/05\/IMG-5483-225x300.jpg 225w, https:\/\/www.kinderbetreuung-natters.at\/kinderkrippe\/wp-content\/uploads\/2023\/05\/IMG-5483-1152x1536.jpg 1152w, https:\/\/www.kinderbetreuung-natters.at\/kinderkrippe\/wp-content\/uploads\/2023\/05\/IMG-5483-1536x2048.jpg 1536w, https:\/\/www.kinderbetreuung-natters.at\/kinderkrippe\/wp-content\/uploads\/2023\/05\/IMG-5483-648x864.jpg 648w, https:\/\/www.kinderbetreuung-natters.at\/kinderkrippe\/wp-content\/uploads\/2023\/05\/IMG-5483-144x192.jpg 144w, https:\/\/www.kinderbetreuung-natters.at\/kinderkrippe\/wp-content\/uploads\/2023\/05\/IMG-5483-scaled.jpg 1920w\" sizes=\"(max-width: 768px) 100vw, 768px\" \/><figcaption class=\"wp-element-caption\">konstruieren &#8230;<\/figcaption><\/figure>\n\n\n\n<figure class=\"wp-block-image size-large\"><img loading=\"lazy\" decoding=\"async\" width=\"1024\" height=\"803\" data-id=\"1585\" src=\"https:\/\/www.kinderbetreuung-natters.at\/kinderkrippe\/wp-content\/uploads\/2023\/05\/IMG-54861-1024x803.jpg\" alt=\"\" class=\"wp-image-1585\" srcset=\"https:\/\/www.kinderbetreuung-natters.at\/kinderkrippe\/wp-content\/uploads\/2023\/05\/IMG-54861-1024x803.jpg 1024w, https:\/\/www.kinderbetreuung-natters.at\/kinderkrippe\/wp-content\/uploads\/2023\/05\/IMG-54861-300x235.jpg 300w, https:\/\/www.kinderbetreuung-natters.at\/kinderkrippe\/wp-content\/uploads\/2023\/05\/IMG-54861-768x602.jpg 768w, https:\/\/www.kinderbetreuung-natters.at\/kinderkrippe\/wp-content\/uploads\/2023\/05\/IMG-54861-1536x1204.jpg 1536w, https:\/\/www.kinderbetreuung-natters.at\/kinderkrippe\/wp-content\/uploads\/2023\/05\/IMG-54861-2048x1606.jpg 2048w, https:\/\/www.kinderbetreuung-natters.at\/kinderkrippe\/wp-content\/uploads\/2023\/05\/IMG-54861-648x508.jpg 648w, https:\/\/www.kinderbetreuung-natters.at\/kinderkrippe\/wp-content\/uploads\/2023\/05\/IMG-54861-245x192.jpg 245w\" sizes=\"(max-width: 1024px) 100vw, 1024px\" \/><figcaption class=\"wp-element-caption\">ordnen &#8230;<\/figcaption><\/figure>\n\n\n\n<figure class=\"wp-block-image size-large\"><img loading=\"lazy\" decoding=\"async\" width=\"755\" height=\"1024\" data-id=\"1578\" src=\"https:\/\/www.kinderbetreuung-natters.at\/kinderkrippe\/wp-content\/uploads\/2023\/05\/19d2ba94-6daf-4131-abec-4ebed9d5da3f-755x1024.jpg\" alt=\"\" class=\"wp-image-1578\" srcset=\"https:\/\/www.kinderbetreuung-natters.at\/kinderkrippe\/wp-content\/uploads\/2023\/05\/19d2ba94-6daf-4131-abec-4ebed9d5da3f-755x1024.jpg 755w, https:\/\/www.kinderbetreuung-natters.at\/kinderkrippe\/wp-content\/uploads\/2023\/05\/19d2ba94-6daf-4131-abec-4ebed9d5da3f-221x300.jpg 221w, https:\/\/www.kinderbetreuung-natters.at\/kinderkrippe\/wp-content\/uploads\/2023\/05\/19d2ba94-6daf-4131-abec-4ebed9d5da3f-768x1041.jpg 768w, https:\/\/www.kinderbetreuung-natters.at\/kinderkrippe\/wp-content\/uploads\/2023\/05\/19d2ba94-6daf-4131-abec-4ebed9d5da3f-1133x1536.jpg 1133w, https:\/\/www.kinderbetreuung-natters.at\/kinderkrippe\/wp-content\/uploads\/2023\/05\/19d2ba94-6daf-4131-abec-4ebed9d5da3f-648x879.jpg 648w, https:\/\/www.kinderbetreuung-natters.at\/kinderkrippe\/wp-content\/uploads\/2023\/05\/19d2ba94-6daf-4131-abec-4ebed9d5da3f-142x192.jpg 142w, https:\/\/www.kinderbetreuung-natters.at\/kinderkrippe\/wp-content\/uploads\/2023\/05\/19d2ba94-6daf-4131-abec-4ebed9d5da3f.jpg 1354w\" sizes=\"(max-width: 755px) 100vw, 755px\" \/><figcaption class=\"wp-element-caption\">balancieren &#8230;<\/figcaption><\/figure>\n\n\n\n<figure class=\"wp-block-image size-large\"><img loading=\"lazy\" decoding=\"async\" width=\"947\" height=\"1024\" data-id=\"1583\" src=\"https:\/\/www.kinderbetreuung-natters.at\/kinderkrippe\/wp-content\/uploads\/2023\/05\/IMG-4532-947x1024.jpg\" alt=\"\" class=\"wp-image-1583\" srcset=\"https:\/\/www.kinderbetreuung-natters.at\/kinderkrippe\/wp-content\/uploads\/2023\/05\/IMG-4532-947x1024.jpg 947w, https:\/\/www.kinderbetreuung-natters.at\/kinderkrippe\/wp-content\/uploads\/2023\/05\/IMG-4532-277x300.jpg 277w, https:\/\/www.kinderbetreuung-natters.at\/kinderkrippe\/wp-content\/uploads\/2023\/05\/IMG-4532-768x830.jpg 768w, https:\/\/www.kinderbetreuung-natters.at\/kinderkrippe\/wp-content\/uploads\/2023\/05\/IMG-4532-1421x1536.jpg 1421w, https:\/\/www.kinderbetreuung-natters.at\/kinderkrippe\/wp-content\/uploads\/2023\/05\/IMG-4532-1894x2048.jpg 1894w, https:\/\/www.kinderbetreuung-natters.at\/kinderkrippe\/wp-content\/uploads\/2023\/05\/IMG-4532-648x701.jpg 648w, https:\/\/www.kinderbetreuung-natters.at\/kinderkrippe\/wp-content\/uploads\/2023\/05\/IMG-4532-178x192.jpg 178w\" sizes=\"(max-width: 947px) 100vw, 947px\" \/><figcaption class=\"wp-element-caption\">bauen &#8230;<\/figcaption><\/figure>\n<\/figure>\n","protected":false},"excerpt":{"rendered":"<p>Jeder einzelne Tag im Kinderkrippenalltag sieht anders aus und orientiert sich grunds\u00e4tzlich an den Bed\u00fcrfnissen der Kinder. Der angedachte Tagesablauf sieht wie folgt aus: Zeitspanne Aktivit\u00e4t 07:00 \u2013 08:30 Uhr Bringzeit Ab 7:00 Uhr Fr\u00f6schegruppe ge\u00f6ffnet (Sammelgruppe) Ab 08:00 Uhr K\u00fckengruppe ge\u00f6ffnet 07:00 \u2013 09:00 Uhr Freispiel (in den jeweiligen Gruppen) 09:00 Uhr Gemeinsames Aufr\u00e4umen &hellip; <a href=\"https:\/\/www.kinderbetreuung-natters.at\/kinderkrippe\/basisinfo\/tagesablauf\/\" class=\"more-link\"><span class=\"screen-reader-text\">Tagesablauf<\/span> weiterlesen<\/a><\/p>\n","protected":false},"author":4,"featured_media":0,"parent":11,"menu_order":0,"comment_status":"closed","ping_status":"closed","template":"page-templates\/full-width-page.php","meta":{"footnotes":""},"acf":[],"_links":{"self":[{"href":"https:\/\/www.kinderbetreuung-natters.at\/kinderkrippe\/wp-json\/wp\/v2\/pages\/102"}],"collection":[{"href":"https:\/\/www.kinderbetreuung-natters.at\/kinderkrippe\/wp-json\/wp\/v2\/pages"}],"about":[{"href":"https:\/\/www.kinderbetreuung-natters.at\/kinderkrippe\/wp-json\/wp\/v2\/types\/page"}],"author":[{"embeddable":true,"href":"https:\/\/www.kinderbetreuung-natters.at\/kinderkrippe\/wp-json\/wp\/v2\/users\/4"}],"replies":[{"embeddable":true,"href":"https:\/\/www.kinderbetreuung-natters.at\/kinderkrippe\/wp-json\/wp\/v2\/comments?post=102"}],"version-history":[{"count":35,"href":"https:\/\/www.kinderbetreuung-natters.at\/kinderkrippe\/wp-json\/wp\/v2\/pages\/102\/revisions"}],"predecessor-version":[{"id":1769,"href":"https:\/\/www.kinderbetreuung-natters.at\/kinderkrippe\/wp-json\/wp\/v2\/pages\/102\/revisions\/1769"}],"up":[{"embeddable":true,"href":"https:\/\/www.kinderbetreuung-natters.at\/kinderkrippe\/wp-json\/wp\/v2\/pages\/11"}],"wp:attachment":[{"href":"https:\/\/www.kinderbetreuung-natters.at\/kinderkrippe\/wp-json\/wp\/v2\/media?parent=102"}],"curies":[{"name":"wp","href":"https:\/\/api.w.org\/{rel}","templated":true}]}}