{"id":20,"date":"2015-09-14T18:14:35","date_gmt":"2015-09-14T16:14:35","guid":{"rendered":"http:\/\/www.mediatirol.at\/kindergarten-natters\/?page_id=20"},"modified":"2025-05-16T10:52:07","modified_gmt":"2025-05-16T08:52:07","slug":"aufnahmemodalitaeten","status":"publish","type":"page","link":"https:\/\/www.kinderbetreuung-natters.at\/kinderkrippe\/basisinfo\/aufnahmemodalitaeten\/","title":{"rendered":"Aufnahmemodalit\u00e4ten &#038; Anmeldung"},"content":{"rendered":"\n<p class=\"has-medium-font-size\"><strong>Zielgruppe:<\/strong><\/p>\n\n\n\n<ul>\n<li>Kinder mit Hauptwohnsitz in der Gemeinde Natters<\/li>\n\n\n\n<li>Kinder ab dem vollendeten 18. Lebensmonat<\/li>\n<\/ul>\n\n\n\n<p class=\"has-medium-font-size\"><strong>Aufnahmemodalit\u00e4ten:<\/strong><\/p>\n\n\n\n<ul>\n<li>die schriftliche Anmeldung erfolgt durch den\/die Erziehungsberechtigten<\/li>\n\n\n\n<li>im Fr\u00fchjahr findet die Einschreibung f\u00fcr das darauffolgende Kinderkrippenjahr statt<\/li>\n<\/ul>\n\n\n\n<p class=\"has-medium-font-size\"><strong>K\u00f6nnen nicht alle f\u00fcr den Besuch der Kinderkrippe angemeldeten Kinder aufgenommen werden, so sieht die Reihung wie folgt aus:<\/strong><\/p>\n\n\n\n<ol>\n<li>Kinder mit Hauptwohnsitz in der Gemeinde Natters.<\/li>\n\n\n\n<li>Kinder, deren Erziehungsberechtigte berufst\u00e4tig sind.<\/li>\n\n\n\n<li>Kinder, deren Erziehungsberechtigte nachweislich arbeitssuchend sind oder sich in einer Ausbildung befinden.<\/li>\n\n\n\n<li>Kinder, die nach ihrem Alter dem Kindergarteneintritt am n\u00e4chsten stehen.<\/li>\n\n\n\n<li>Kinder, deren Geschwisterkind die Kinderkrippe bereits besucht.<\/li>\n<\/ol>\n\n\n\n<p><strong>F\u00fcr die Anmeldung bitte folgendes Formular ausf\u00fcllen:<\/strong><\/p>\n\n\n\n<p><a href=\"https:\/\/www.kinderbetreuung-natters.at\/kinderkrippe\/wp-content\/uploads\/2025\/05\/AKTUELL_Anmeldung_Kinderkrippe_Natters.pdf\" data-type=\"link\" data-id=\"https:\/\/www.kinderbetreuung-natters.at\/kinderkrippe\/wp-content\/uploads\/2025\/05\/AKTUELL_Anmeldung_Kinderkrippe_Natters.pdf\" target=\"_blank\" rel=\"noreferrer noopener\">Anmeldung_Kinderkrippe_Natters<\/a><\/p>\n","protected":false},"excerpt":{"rendered":"<p>Zielgruppe: Aufnahmemodalit\u00e4ten: K\u00f6nnen nicht alle f\u00fcr den Besuch der Kinderkrippe angemeldeten Kinder aufgenommen werden, so sieht die Reihung wie folgt aus: F\u00fcr die Anmeldung bitte folgendes Formular ausf\u00fcllen: Anmeldung_Kinderkrippe_Natters<\/p>\n","protected":false},"author":4,"featured_media":0,"parent":11,"menu_order":0,"comment_status":"closed","ping_status":"closed","template":"page-templates\/full-width-page.php","meta":{"footnotes":""},"acf":[],"_links":{"self":[{"href":"https:\/\/www.kinderbetreuung-natters.at\/kinderkrippe\/wp-json\/wp\/v2\/pages\/20"}],"collection":[{"href":"https:\/\/www.kinderbetreuung-natters.at\/kinderkrippe\/wp-json\/wp\/v2\/pages"}],"about":[{"href":"https:\/\/www.kinderbetreuung-natters.at\/kinderkrippe\/wp-json\/wp\/v2\/types\/page"}],"author":[{"embeddable":true,"href":"https:\/\/www.kinderbetreuung-natters.at\/kinderkrippe\/wp-json\/wp\/v2\/users\/4"}],"replies":[{"embeddable":true,"href":"https:\/\/www.kinderbetreuung-natters.at\/kinderkrippe\/wp-json\/wp\/v2\/comments?post=20"}],"version-history":[{"count":29,"href":"https:\/\/www.kinderbetreuung-natters.at\/kinderkrippe\/wp-json\/wp\/v2\/pages\/20\/revisions"}],"predecessor-version":[{"id":1779,"href":"https:\/\/www.kinderbetreuung-natters.at\/kinderkrippe\/wp-json\/wp\/v2\/pages\/20\/revisions\/1779"}],"up":[{"embeddable":true,"href":"https:\/\/www.kinderbetreuung-natters.at\/kinderkrippe\/wp-json\/wp\/v2\/pages\/11"}],"wp:attachment":[{"href":"https:\/\/www.kinderbetreuung-natters.at\/kinderkrippe\/wp-json\/wp\/v2\/media?parent=20"}],"curies":[{"name":"wp","href":"https:\/\/api.w.org\/{rel}","templated":true}]}}