{"id":44,"date":"2015-09-15T12:09:24","date_gmt":"2015-09-15T10:09:24","guid":{"rendered":"http:\/\/www.mediatirol.at\/kindergarten-natters\/?page_id=44"},"modified":"2025-06-26T12:13:19","modified_gmt":"2025-06-26T10:13:19","slug":"oeffnungszeiten","status":"publish","type":"page","link":"https:\/\/www.kinderbetreuung-natters.at\/kinderkrippe\/basisinfo\/oeffnungszeiten\/","title":{"rendered":"\u00d6ffnungs- und Schlie\u00dfzeiten"},"content":{"rendered":"\n<p><strong>\u00d6ffnungszeiten:              <\/strong><br>Montag bis Donnerstag 07.00 &#8211; 16.00 Uhr<br>Freitag 07.00 &#8211; 14.00 Uhr<br><br><em>von 14.00 &#8211; 16.00 Uhr<\/em> <em>alterserweiterte<\/em> <em>Nachmittagsbetreuung<\/em> <em>&#8222;Ki+Kri&#8220; im Kindergarten<\/em><\/p>\n\n\n\n<p><strong>Schlie\u00df- und Feiertage<\/strong> <strong>2024\/25<\/strong><\/p>\n\n\n\n<figure class=\"wp-block-table is-style-stripes\"><table><tbody><tr><td>\n  Michaelitag\n  <\/td><td>Sonntag, 29.09.2024<\/td><\/tr><tr><td>\n  Staatsfeiertag\n  <\/td><td>Samstag, 26.10.2024 <\/td><\/tr><tr><td>\n  Allerheiligen\n  <\/td><td>Freitag, 01.11.2024 <\/td><\/tr><tr><td>\n  Maria Empf\u00e4ngnis\n  <\/td><td>Sonntag, 08.12.2024<\/td><\/tr><tr><td>Weihnachtsschlie\u00dftage <\/td><td>Montag, 23.12.2024 bis Mittwoch, 01.01.2025 <\/td><\/tr><tr><td>Heilige Drei K\u00f6nige<\/td><td>Montag, 06.01.2025 <\/td><\/tr><tr><td>Ostermontag<\/td><td>Montag, 21.04.2025<\/td><\/tr><tr><td>   Staatsfeiertag   <\/td><td>Donnerstag, 01.05.2025<\/td><\/tr><tr><td>\n  Christi Himmelfahrt\n  <\/td><td>Donnerstag, 29.05.2025 <\/td><\/tr><tr><td>\n  Pfingstmontag\n  <\/td><td>Montag, 09.06.2025<\/td><\/tr><tr><td>\n  Fronleichnahm\n  <\/td><td>Donnerstag, 19.06.2025 <\/td><\/tr><tr><td>\n  Maria Himmelfahrt\n  <\/td><td>Donnerstag, 15.08.2025<\/td><\/tr><tr><td>Sommerschlie\u00dftage <\/td><td>Montag, 25.08.2025 bis Freitag, 05.09.2025 <\/td><\/tr><\/tbody><\/table><\/figure>\n\n\n\n<p class=\"has-text-align-center\"><strong>Am 08. September 2025 hat die Kinderkrippe wieder ge\u00f6ffnet.<\/strong><\/p>\n\n\n\n<p>Vorschau f\u00fcr die Schlie\u00dfzeiten im Bildungs-und Betreuungsjahr 2025\/26:<br><a href=\"https:\/\/www.kinderbetreuung-natters.at\/kinderkrippe\/wp-content\/uploads\/2025\/06\/Schliesszeiten.pdf\" target=\"_blank\" rel=\"noreferrer noopener\">Schlie\u00dftage_2025_26<\/a> <br><br><br><\/p>\n","protected":false},"excerpt":{"rendered":"<p>\u00d6ffnungszeiten: Montag bis Donnerstag 07.00 &#8211; 16.00 UhrFreitag 07.00 &#8211; 14.00 Uhr von 14.00 &#8211; 16.00 Uhr alterserweiterte Nachmittagsbetreuung &#8222;Ki+Kri&#8220; im Kindergarten Schlie\u00df- und Feiertage 2024\/25 Michaelitag Sonntag, 29.09.2024 Staatsfeiertag Samstag, 26.10.2024 Allerheiligen Freitag, 01.11.2024 Maria Empf\u00e4ngnis Sonntag, 08.12.2024 Weihnachtsschlie\u00dftage Montag, 23.12.2024 bis Mittwoch, 01.01.2025 Heilige Drei K\u00f6nige Montag, 06.01.2025 Ostermontag Montag, 21.04.2025 Staatsfeiertag Donnerstag, &hellip; <a href=\"https:\/\/www.kinderbetreuung-natters.at\/kinderkrippe\/basisinfo\/oeffnungszeiten\/\" class=\"more-link\"><span class=\"screen-reader-text\">\u00d6ffnungs- und Schlie\u00dfzeiten<\/span> weiterlesen<\/a><\/p>\n","protected":false},"author":4,"featured_media":0,"parent":11,"menu_order":0,"comment_status":"closed","ping_status":"closed","template":"page-templates\/full-width-page.php","meta":{"footnotes":""},"acf":[],"_links":{"self":[{"href":"https:\/\/www.kinderbetreuung-natters.at\/kinderkrippe\/wp-json\/wp\/v2\/pages\/44"}],"collection":[{"href":"https:\/\/www.kinderbetreuung-natters.at\/kinderkrippe\/wp-json\/wp\/v2\/pages"}],"about":[{"href":"https:\/\/www.kinderbetreuung-natters.at\/kinderkrippe\/wp-json\/wp\/v2\/types\/page"}],"author":[{"embeddable":true,"href":"https:\/\/www.kinderbetreuung-natters.at\/kinderkrippe\/wp-json\/wp\/v2\/users\/4"}],"replies":[{"embeddable":true,"href":"https:\/\/www.kinderbetreuung-natters.at\/kinderkrippe\/wp-json\/wp\/v2\/comments?post=44"}],"version-history":[{"count":133,"href":"https:\/\/www.kinderbetreuung-natters.at\/kinderkrippe\/wp-json\/wp\/v2\/pages\/44\/revisions"}],"predecessor-version":[{"id":1782,"href":"https:\/\/www.kinderbetreuung-natters.at\/kinderkrippe\/wp-json\/wp\/v2\/pages\/44\/revisions\/1782"}],"up":[{"embeddable":true,"href":"https:\/\/www.kinderbetreuung-natters.at\/kinderkrippe\/wp-json\/wp\/v2\/pages\/11"}],"wp:attachment":[{"href":"https:\/\/www.kinderbetreuung-natters.at\/kinderkrippe\/wp-json\/wp\/v2\/media?parent=44"}],"curies":[{"name":"wp","href":"https:\/\/api.w.org\/{rel}","templated":true}]}}