{"id":50,"date":"2020-02-03T13:00:10","date_gmt":"2020-02-03T12:00:10","guid":{"rendered":"http:\/\/www.mediatirol.at\/kindergarten-natters\/?page_id=50"},"modified":"2024-02-20T14:08:39","modified_gmt":"2024-02-20T13:08:39","slug":"partnerschaft-mit-den-eltern","status":"publish","type":"page","link":"https:\/\/www.kinderbetreuung-natters.at\/kinderkrippe\/eingewohnung-start\/partnerschaft-mit-den-eltern\/","title":{"rendered":"Elternpartnerschaft"},"content":{"rendered":"\n<p>Durch Austausch von Informationen, Beobachtungen und\nErfahrungen mit dem Kind unterst\u00fctzen wir Eltern familienerg\u00e4nzend in der\nErziehung und Betreuung ihres Kindes. <\/p>\n\n\n\n<p>Die Eltern sind die Profis ihrer Kinder. Wir P\u00e4dagogInnen sind die ExpertInnen f\u00fcr die Bildung und Erziehung in der Kinderkrippe. Genau diese F\u00e4higkeiten werden wir in Zusammenarbeit mit den Eltern und zum Wohle der Kinder n\u00fctzen. <\/p>\n\n\n\n<p>Eine dialogische Zusammenarbeit mit gegenseitiger\nWertsch\u00e4tzung und Vertrauen zwischen Eltern und p\u00e4dagogischem Fachpersonal\nsteht f\u00fcr uns im Vordergrund.<\/p>\n\n\n\n<p><strong><span style=\"color:#0693e3\" class=\"tadv-color\">Ziele, die wir bei der Erziehungs- und Bildungspartnerschaft verfolgen:<\/span><\/strong><\/p>\n\n\n\n<ul><li>Eltern entlasten und bei der Erziehung ihres Kindes zu unterst\u00fctzen<\/li><li>\u00fcber den Entwicklungsstand ihres Kindes zu informieren<\/li><li>eine partnerschaftliche Zusammenarbeit<\/li><li>\u00fcber das Geschehen in der Kinderkrippe durch Gespr\u00e4che, Aush\u00e4nge, Briefe, Bilddokumentationen und \u201esprechende W\u00e4nde\u201c zu berichten und informieren &nbsp;<\/li><\/ul>\n\n\n\n<p><strong><span style=\"color:#0693e3\" class=\"tadv-color\">Formen von Elterngespr\u00e4chen:<\/span><\/strong><\/p>\n\n\n\n<ul><li>Kennenlern- beziehungsweise Eingew\u00f6hnungsgespr\u00e4ch<\/li><li>T\u00fcr- und Angelgespr\u00e4che<\/li><li>Entwicklungsgespr\u00e4che (wird 1x im Jahr angeboten, bei Interesse und Bedarf aber auch \u00f6fter)<\/li><li>Anlassgespr\u00e4che<\/li><li>Elternabende&nbsp; (2x im Jahr)<\/li><li>gemeinsam Feste und Feiern<\/li><\/ul>\n\n\n","protected":false},"excerpt":{"rendered":"<p>Durch Austausch von Informationen, Beobachtungen und Erfahrungen mit dem Kind unterst\u00fctzen wir Eltern familienerg\u00e4nzend in der Erziehung und Betreuung ihres Kindes. Die Eltern sind die Profis ihrer Kinder. Wir P\u00e4dagogInnen sind die ExpertInnen f\u00fcr die Bildung und Erziehung in der Kinderkrippe. Genau diese F\u00e4higkeiten werden wir in Zusammenarbeit mit den Eltern und zum Wohle der &hellip; <a href=\"https:\/\/www.kinderbetreuung-natters.at\/kinderkrippe\/eingewohnung-start\/partnerschaft-mit-den-eltern\/\" class=\"more-link\"><span class=\"screen-reader-text\">Elternpartnerschaft<\/span> weiterlesen<\/a><\/p>\n","protected":false},"author":4,"featured_media":0,"parent":1087,"menu_order":3,"comment_status":"closed","ping_status":"closed","template":"page-templates\/full-width-page.php","meta":{"footnotes":""},"acf":[],"_links":{"self":[{"href":"https:\/\/www.kinderbetreuung-natters.at\/kinderkrippe\/wp-json\/wp\/v2\/pages\/50"}],"collection":[{"href":"https:\/\/www.kinderbetreuung-natters.at\/kinderkrippe\/wp-json\/wp\/v2\/pages"}],"about":[{"href":"https:\/\/www.kinderbetreuung-natters.at\/kinderkrippe\/wp-json\/wp\/v2\/types\/page"}],"author":[{"embeddable":true,"href":"https:\/\/www.kinderbetreuung-natters.at\/kinderkrippe\/wp-json\/wp\/v2\/users\/4"}],"replies":[{"embeddable":true,"href":"https:\/\/www.kinderbetreuung-natters.at\/kinderkrippe\/wp-json\/wp\/v2\/comments?post=50"}],"version-history":[{"count":35,"href":"https:\/\/www.kinderbetreuung-natters.at\/kinderkrippe\/wp-json\/wp\/v2\/pages\/50\/revisions"}],"predecessor-version":[{"id":1681,"href":"https:\/\/www.kinderbetreuung-natters.at\/kinderkrippe\/wp-json\/wp\/v2\/pages\/50\/revisions\/1681"}],"up":[{"embeddable":true,"href":"https:\/\/www.kinderbetreuung-natters.at\/kinderkrippe\/wp-json\/wp\/v2\/pages\/1087"}],"wp:attachment":[{"href":"https:\/\/www.kinderbetreuung-natters.at\/kinderkrippe\/wp-json\/wp\/v2\/media?parent=50"}],"curies":[{"name":"wp","href":"https:\/\/api.w.org\/{rel}","templated":true}]}}